{"id":420,"date":"2015-05-11T20:36:28","date_gmt":"2015-05-11T11:36:28","guid":{"rendered":"http:\/\/kashiyama.sample-site.jp\/?page_id=420"},"modified":"2025-11-10T17:56:39","modified_gmt":"2025-11-10T08:56:39","slug":"de","status":"publish","type":"page","link":"https:\/\/www.kashiyama.com\/en\/de\/","title":{"rendered":"Home &#8211; Deutsch"},"content":{"rendered":"<div id=\"pl-420\"  class=\"panel-layout\" ><div id=\"pg-420-0\"  class=\"panel-grid panel-no-style\" ><div id=\"pgc-420-0-0\"  class=\"panel-grid-cell\" ><div id=\"panel-420-0-0-0\" class=\"so-panel widget widget_black-studio-tinymce widget_black_studio_tinymce panel-first-child panel-last-child\" data-index=\"0\" ><div class=\"textwidget\"><p><a href=\"\/en\/pumps\/product\/\"><img loading=\"lazy\" decoding=\"async\" class=\"alignnone size-full wp-image-2769\" src=\"\/images\/slide_02_image_01.png\" alt=\"\" width=\"1500\" height=\"350\" srcset=\"\/images\/slide_02_image_01.png 1500w, \/images\/slide_02_image_01-300x70.png 300w, \/images\/slide_02_image_01-1024x239.png 1024w\" sizes=\"auto, (max-width: 1500px) 100vw, 1500px\" \/><\/a><\/p>\n<\/div><\/div><\/div><\/div><div id=\"pg-420-1\"  class=\"panel-grid panel-no-style\" ><div id=\"pgc-420-1-0\"  class=\"panel-grid-cell\" ><div id=\"panel-420-1-0-0\" class=\"so-panel widget widget_black-studio-tinymce widget_black_studio_tinymce panel-first-child panel-last-child\" data-index=\"1\" ><h3 class=\"widget-title\">Vakuumpumpen<\/h3><div class=\"textwidget\"><p><img loading=\"lazy\" decoding=\"async\" class=\"alignnone size-full wp-image-2755\" src=\"\/images\/ml_photo_pumps.png\" alt=\"\" width=\"1000\" height=\"256\" srcset=\"\/images\/ml_photo_pumps.png 1000w, \/images\/ml_photo_pumps-300x77.png 300w\" sizes=\"auto, (max-width: 1000px) 100vw, 1000px\" \/><\/p>\n<p>Die Kashiyama Produkte haben sich das Vertrauen der Kunden in denjenigen Industriezweigen erworben, in denen fortschrittliche Technologien zum Einsatz kommen. Wie zum Beispiel bei Herstellern von Halbleitern. Dieses Vertrauen ist das Ergebnis der von uns \u00fcber Jahre entwickelten Vakuumtechnologie. Insbesondere unsere Trockenvakuumpumpen, die inzwischen zu einer Standardausr\u00fcstung in der Halbleiterherstellung geworden sind, geh\u00f6ren zur besten Vakuumtechnologie. Ihre bewiesene Verl\u00e4sslichkeit wird von vielen Kunden hoch gesch\u00e4tzt.<\/p>\n<div class=\"link\"><a href=\"\/en\/pumps\/product\/\"><i class=\"fa fa-chevron-circle-right\"><\/i> Produktf\u00fchrer<\/a><\/div>\n<\/div><\/div><\/div><div id=\"pgc-420-1-1\"  class=\"panel-grid-cell\" ><div id=\"panel-420-1-1-0\" class=\"so-panel widget widget_black-studio-tinymce widget_black_studio_tinymce panel-first-child panel-last-child\" data-index=\"2\" ><h3 class=\"widget-title\">Konzept<\/h3><div class=\"textwidget\"><p><img loading=\"lazy\" decoding=\"async\" src=\"\/images\/ml_photo_industry.png\" alt=\"\" width=\"1000\" height=\"256\" class=\"alignnone size-full wp-image-2756\" srcset=\"\/images\/ml_photo_industry.png 1000w, \/images\/ml_photo_industry-300x77.png 300w\" sizes=\"auto, (max-width: 1000px) 100vw, 1000px\" \/><\/p>\n<p>Seit ihrer Gr\u00fcndung 1946 hat die Firma Kashiyama Industries, Ltd. ihr Gesch\u00e4ft ausgeweitet, um den Anforderungen der Zeit gerecht zu werden. Gleichzeitig bleibt sie ihrem Motto treu: \u201eDer Kunde ist K\u00f6nig.\u201c Insbesondere im Bereich von Vakuumpumpen haben wir auf unseren Forschungen im Zusammenhang mit Fl\u00fcssigkeiten basierend stets die beste m\u00f6gliche Vakuumtechnologie geschaffen. Wir versorgen ein breites Spektrum technisch anspruchsvoller Industriezweige, einschlie\u00dflich der Halbleiterhersteller, mit Vakuumpumpen und Instrumenten.<\/p>\n<p>Kashiyama verpflichtet sich dazu, noch auf lange Sicht, mit kreativen Ideen konsequent auf die zunehmend vielseitigeren und komplexeren Bed\u00fcrfnisse der Kunden einzugehen.<\/p>\n<\/div><\/div><\/div><\/div><div id=\"pg-420-2\"  class=\"panel-grid panel-no-style\" ><div id=\"pgc-420-2-0\"  class=\"panel-grid-cell\" ><div id=\"panel-420-2-0-0\" class=\"so-panel widget widget_black-studio-tinymce widget_black_studio_tinymce panel-first-child panel-last-child\" data-index=\"3\" ><h3 class=\"widget-title\">\u00dcberblick<\/h3><div class=\"textwidget\"><p>\n<table id=\"tablepress-27\" class=\"tablepress tablepress-id-27 corporate-outline tbody-has-connected-cells\">\n<tbody>\n<tr class=\"row-1\">\n\t<td colspan=\"2\" class=\"column-1\">Bezeichnung<\/td><td class=\"column-3\">Kashiyama Industries, Ltd.<\/td>\n<\/tr>\n<tr class=\"row-2\">\n\t<td class=\"column-1\">Repr\u00e4sentativer Direktor<\/td><td class=\"column-2\">Der Pr\u00e4sident<\/td><td class=\"column-3\">Akifumi Kashiyama<\/td>\n<\/tr>\n<tr class=\"row-3\">\n\t<td colspan=\"2\" class=\"column-1\">Gr\u00fcndung<\/td><td class=\"column-3\">10. Januar 1951<\/td>\n<\/tr>\n<tr class=\"row-4\">\n\t<td colspan=\"2\" class=\"column-1\">Kapital<\/td><td class=\"column-3\">JPY85,000,000<\/td>\n<\/tr>\n<tr class=\"row-5\">\n\t<td colspan=\"2\" class=\"column-1\">Hauptsitz\/Hauptwerk<\/td><td class=\"column-3\">1-1 Nenei, Saku City, Nagano 385-8511, Japan<br \/>\n Tel.<span style=\"margin-right:.9em\"\/><\/span>(+81)267-67-3311<br \/>\n Fax. (+81)267-67-5211<br \/>\n<a href=\"https:\/\/goo.gl\/maps\/HmaAtGGw9H22\" target=\"_blank\" rel=\"noopener noreferrer\"><i class=\"fa fa-map-marker\"><\/i> Google Maps<\/a><\/td>\n<\/tr>\n<tr class=\"row-6\">\n\t<td colspan=\"2\" class=\"column-1\">Fabrik2<\/td><td class=\"column-3\">1-1 Yokowa, Saku City, Nagano 385-0013, Japan<br \/>\nTel.<span style=\"margin-right:.9em\"><\/span>(+81)267-88-6437<br \/>\nFax. (+81)267-88-6438<br \/>\n<a href=\"https:\/\/goo.gl\/maps\/2aNc89qvnP32\" target=\"_blank\" rel=\"noopener noreferrer\"><i class=\"fa fa-map-marker\"><\/i> Google Maps<\/a><\/td>\n<\/tr>\n<tr class=\"row-7\">\n\t<td colspan=\"2\" class=\"column-1\">Saku Minami Fabrik<\/td><td class=\"column-3\">4051-3 Negishi, Saku City, Nagano 385-0062, Japan<br \/>\nTel.<span style=\"margin-right:.9em\"\/><\/span>(+81)267-67-7266<br \/>\nFax. (+81)267-67-7273<br \/>\n<a href=\"https:\/\/goo.gl\/maps\/9GKY4Fyn1KU2\" target=\"_blank\" rel=\"noopener noreferrer\"><i class=\"fa fa-map-marker\"><\/i> Google Maps<\/a><\/td>\n<\/tr>\n<tr class=\"row-8\">\n\t<td colspan=\"2\" class=\"column-1\">Seiki Daiichi Fabrik<\/td><td class=\"column-3\">49-3 Nenei, Saku City, Nagano, 385-0012, Japan<br \/>\nTel.<span style=\"margin-right:.9em\"\/><\/span>(+81)267-67-0530<br \/>\nFax. (+81)267-54-8501<br \/>\n<a href=\"https:\/\/goo.gl\/maps\/mNeq3wmtxnP2\" target=\"_blank\" rel=\"noopener noreferrer\"><i class=\"fa fa-map-marker\"><\/i> Google Maps<\/a><\/td>\n<\/tr>\n<tr class=\"row-9\">\n\t<td colspan=\"2\" class=\"column-1\">Mie Zweig<\/td><td class=\"column-3\">7-25 Fuji-cho, Yokkaichi City, Mie 510-0013, Japan<br \/>\n Tel.<span style=\"margin-right:.9em\"\/><\/span>(+81)59-333-7472<br \/>\n Fax. (+81)59-333-7434<br \/>\n<a href=\"https:\/\/goo.gl\/maps\/1Z5NfgoJDZN2\" target=\"_blank\" rel=\"noopener noreferrer\"><i class=\"fa fa-map-marker\"><\/i> Google Maps<\/a><\/td>\n<\/tr>\n<tr class=\"row-10\">\n\t<td colspan=\"2\" class=\"column-1\">Kyushu Zweig<\/td><td class=\"column-3\">Office Parea SUE \u2160 B-3, 233-2<br \/>\nTabiishi, Sue Town, Kasuya-gun, Fukuoka 811-2221, Japan<br \/>\nTel.<span style=\"margin-right:.9em\"\/><\/span>(+81)92-405-3045<br \/>\nFax. (+81)92-405-3046<br \/>\n<a href=\"https:\/\/goo.gl\/B5elGA\" target=\"_blank\" rel=\"noopener noreferrer\"><i class=\"fa fa-map-marker\"><\/i> Google Maps<\/a><\/td>\n<\/tr>\n<tr class=\"row-11\">\n\t<td colspan=\"2\" class=\"column-1\">Vertriebsb\u00fcro Kitakami<\/td><td class=\"column-3\">9-1 5-chiwari, Kitaoniyanagi, Kitakami City, Iwate, 024-0072, Japan<br \/>\nTel.<span style=\"margin-right:.9em\"\/><\/span>(+81)92-405-3045<br \/>\nFax. (+81)92-405-3046<br \/>\n<a href=\"https:\/\/goo.gl\/maps\/HbEySPobd1cLhi239\" target=\"_blank\" rel=\"noopener noreferrer\"><i class=\"fa fa-map-marker\"><\/i> Google Maps<\/a><\/td>\n<\/tr>\n<tr class=\"row-12\">\n\t<td colspan=\"2\" class=\"column-1\">Vertriebsb\u00fcro Osaka<\/td><td class=\"column-3\">Residence KU #103, 3-22 Matsugamoto-cho, Ibaraki City, Osaka, Japan<br \/>\nTel.<span style=\"margin-right:.9em\"\/><\/span>(+81)72-657-8112<br \/>\nFax. (+81)72-657-8113<br \/>\n<a href=\"https:\/\/goo.gl\/maps\/kt77qEF1FqH2\" target=\"_blank\" rel=\"noopener noreferrer\"><i class=\"fa fa-map-marker\"><\/i> Google Maps<\/a><\/td>\n<\/tr>\n<tr class=\"row-13\">\n\t<td colspan=\"2\" class=\"column-1\"><a href=\"http:\/\/www.k-ktech.co.kr\/\" target=\"_blank\" rel=\"noopener noreferrer\">Kashiyama\uff65K\uff65Tech Co., Ltd.<\/a><\/td><td class=\"column-3\"><ul><li>Anseong Factory<br \/>\n132, Muneung-ro, Daedeok-myeon, Anseong-si, Gyeonggi-do, Korea<br \/>\nTel.<span style=\"margin-right:.9em\"><\/span>(+82)31-678-1500<br \/>\nFax. (+82)31-678-1555<\/li><li>Dongtan Office<br \/>\n7F, 121, Dongtan-daero 23-gil, Hwaseong-si, Gyeonggi-do, Korea<br \/>\nTel.<span style=\"margin-right:.9em\"><\/span>(+82)31-678-1500<br \/>\nFax. (+82)31-678-1555<\/li><\/ul><\/td>\n<\/tr>\n<tr class=\"row-14\">\n\t<td colspan=\"2\" class=\"column-1\"><a href=\"https:\/\/www.kashiyama.com.tw\/\" target=\"_blank\" rel=\"noopener\">Kashiyama Taiwan, Co., Ltd.<\/a><\/td><td class=\"column-3\">No.1-2, Keyuan 1st Road, Xitun Dist., Taichung City 40763, Taiwan<br \/>\nTel.<span style=\"margin-right:.9em\"\/><\/span>(+886)4-2462-9599<br \/>\nFax. (+886)4-2462-9566<\/td>\n<\/tr>\n<tr class=\"row-15\">\n\t<td colspan=\"2\" class=\"column-1\"><a href=\"https:\/\/www.kashiyama.asia\/\" target=\"_blank\" rel=\"noopener noreferrer\">Kashiyama Kingtek (Shanghai) Ltd.<\/a><\/td><td class=\"column-3\"><ul><li>Shanghai HQ<br \/>\nRoom 1102 Shihe Center, Lane 2277 Zu Chong Zhi Road, Pudong Shanghai, China<br \/>\nTel.<span style=\"margin-right:.9em\"><\/span>(+86)21-6858-3178(Main extension: 7501)<br \/>\nFax. (+86)21-6858-3306<\/li><li>Beijing Office<br \/>\nRoom 17-150, Donghuang Building 16 Guangshun South Street Chaoyang District, Beijing, China<br \/>\nTel.<span style=\"margin-right:.9em\"><\/span>(+86)21-6858-3178(Main extension: 7520)<br \/>\nFax. (+86)21-6858-3306<\/li><li>Chengdu Office<br \/>\nRoom 13-127, East Tower, Lingdi Center, No.3 Xiyu Street, Qingyang District, Chengdu, China<br \/>\nTel.<span style=\"margin-right:.9em\"><\/span>(+86)21-6858-3178(Main extension: 7541)<br \/>\nFax. (+86)21-6858-3306<\/li><\/ul><\/td>\n<\/tr>\n<tr class=\"row-16\">\n\t<td colspan=\"2\" class=\"column-1\">Kashiyama (Xi\u2019an) Co., Ltd.<\/td><td class=\"column-3\">F-1 Phase2 of Standard Factory Building,<br \/>\nPart B of Shaanxi Export Processing Zone, Xi\u2019an, Shaanxi, China<br \/>\nTel.<span style=\"margin-right:.9em\"\/><\/span>(+86)29-6336-2345<br \/>\nFax. (+86)29-6336-2343<\/td>\n<\/tr>\n<tr class=\"row-17\">\n\t<td colspan=\"2\" class=\"column-1\">Changshu Kashiyama Co., Ltd.<\/td><td class=\"column-3\">No.55-6,Yangguang Road, Yu Shan High Tech Industrial Park,<br \/>\nChangshu, Jiangsu, China<br \/>\nTel.<span style=\"margin-right:.9em\"\/><\/span>(+86)512-5208-5688<\/td>\n<\/tr>\n<tr class=\"row-18\">\n\t<td colspan=\"2\" class=\"column-1\">Kashiyama Vietnam Co., Ltd.<\/td><td class=\"column-3\">Lot 44D, Quang Minh Industrial Zone, Quang Minh Commune, Hanoi City, Vietnam<br \/>\nTel.<span style=\"margin-right:.9em\"><\/span>(+84)243-2323-204<\/td>\n<\/tr>\n<tr class=\"row-19\">\n\t<td colspan=\"2\" class=\"column-1\"><a href=\"\/us\/\">Kashiyama-USA, Inc.<\/a><\/td><td class=\"column-3\">3765 Yale Way, Fremont, California 94538, U.S.A.<br \/>\nTel.<span style=\"margin-right:.9em\"\/><\/span>(+1)510-979-0070<br \/>\nFax. (+1)510-979-0071<\/td>\n<\/tr>\n<tr class=\"row-20\">\n\t<td colspan=\"2\" class=\"column-1\"><a href=\"https:\/\/de.kashiyama.com\/\" target=\"_blank\" rel=\"noopener noreferrer\">Kashiyama Europe GmbH<\/a><\/td><td class=\"column-3\">M\u00fcnchner Str. 24, 85774 Unterf\u00f6hring, Deutschland<br \/>\nTel.<span style=\"margin-right:.9em\"><\/span>+49 (0) 89 \/ 36 089 806<\/td>\n<\/tr>\n<tr class=\"row-21\">\n\t<td colspan=\"2\" class=\"column-1\">Zahl der Angestellten<\/td><td class=\"column-3\">Konsolidiert 1.589, Einzeln 1.031<br \/>\n(Gesch\u00e4ftsjahrende 31. M\u00e4rz 2025)<\/td>\n<\/tr>\n<tr class=\"row-22\">\n\t<td colspan=\"2\" class=\"column-1\">Jahresumsatz<\/td><td class=\"column-3\">Konsolidiert 72 Mrd. JPY, einzeln 43 Mrd. JPY<br \/>\n(Gesch\u00e4ftsjahrende 31. M\u00e4rz 2025)<\/td>\n<\/tr>\n<tr class=\"row-23\">\n\t<td colspan=\"2\" class=\"column-1\">Produkte und Dienstleistungen<\/td><td class=\"column-3\"><ul><li>Trockene Vakuumpumpe<\/li><li>Fl\u00fcssigkeitsring-Vakuumpumpen<\/li><li>Seewasserpumpe<\/li><li>Beschneiungsanlagen<\/li><li>Skigebietsentwicklung<\/li><li>Weingutbetrieb<\/li><\/ul><\/td>\n<\/tr>\n<tr class=\"row-24\">\n\t<td colspan=\"2\" class=\"column-1\">Transaktionsbank<\/td><td class=\"column-3\"><ul><li>Hachijuni Nagano Bank, Ltd. (Filiale Iwamurada)<\/li><li>Sumitomo Mitsui Banking Corporation (Filiale Ueda)<\/li><li>MUFG Bank, Ltd. (Filiale Nagano)<\/li><li>The Shoko Chukin Bank, Ltd. (Filiale Nagano)<\/li><li>The Gunma Bank, Ltd. (Filiale Ueda)<\/li><\/ul><\/td>\n<\/tr>\n<tr class=\"row-25\">\n\t<td colspan=\"2\" class=\"column-1\">Verbundene Gesellschaft<\/td><td class=\"column-3\"><ul><li>Kashiyama Snow-Tech Co., Ltd.<br \/>\n<a href=\"https:\/\/goo.gl\/maps\/hdaoxMeAazp\" target=\"_blank\" rel=\"noopener noreferrer\"><i class=\"fa fa-map-marker\"><\/i> Google Maps<\/a><\/li><li><a href=\"http:\/\/www.ch-azumino.com\/\" target=\"_blank\" rel=\"noopener noreferrer\">Azumino Winery Co., Ltd.<\/a><br \/>\n<a href=\"https:\/\/goo.gl\/maps\/WG6ZbhGw9iE2\" target=\"_blank\" rel=\"noopener noreferrer\"><i class=\"fa fa-map-marker\"><\/i> Google Maps<\/a><\/li><li>Fortuna Co., Ltd.<br \/>\n<a href=\"https:\/\/maps.app.goo.gl\/JtFkKHCFREFXHWxs5\" target=\"_blank\" rel=\"noopener noreferrer\"><i class=\"fa fa-map-marker\"><\/i> Google Maps<\/a><\/li><\/ul><\/td>\n<\/tr>\n<\/tbody>\n<\/table>\n<!-- #tablepress-27 from cache --><\/p>\n<\/div><\/div><\/div><div id=\"pgc-420-2-1\"  class=\"panel-grid-cell\" ><div id=\"panel-420-2-1-0\" class=\"so-panel widget widget_black-studio-tinymce widget_black_studio_tinymce panel-first-child panel-last-child\" data-index=\"4\" ><div class=\"home-banner panel-widget-style panel-widget-style-for-420-2-1-0\" ><div class=\"textwidget\"><ul>\n<li><a href=\"\/en\/pumps\/product\/\"><img loading=\"lazy\" decoding=\"async\" class=\"alignnone size-full wp-image-2607\" src=\"\/images\/banner_products_e.png\" alt=\"\" width=\"400\" height=\"400\" \/><\/a><\/li>\n<p> \t<!--\n\n<li><a href=\"http:\/\/www.saku-parada.jp\/\" target=\"_blank\" rel=\"noopener\"><img loading=\"lazy\" decoding=\"async\" class=\"alignnone wp-image-1776 size-full\" src=\"\/images\/home_banner_parada.png\" alt=\"\" width=\"400\" height=\"400\" \/><\/a><\/li>\n\n\n \t\n\n<li><a href=\"\/images\/iso14001_e.pdf\" target=\"_blank\" rel=\"noopener\"><img loading=\"lazy\" decoding=\"async\" class=\"alignnone size-full wp-image-2758\" src=\"\/images\/home_banner_iso.png\" alt=\"\" width=\"400\" height=\"400\" \/><\/a><\/li>\n\n--><\/p>\n<li><a href=\"https:\/\/acrobat.adobe.com\/de\/de\/products\/pdf-reader.html\" target=\"_blank\" rel=\"noopener\"><img loading=\"lazy\" decoding=\"async\" class=\"alignnone size-full wp-image-2764\" src=\"\/images\/home_banner_adobe_reader.png\" alt=\"home_banner_adobe_reader\" width=\"400\" height=\"400\" \/><\/a><\/li>\n<\/ul>\n<\/div><\/div><\/div><\/div><\/div><\/div>","protected":false},"excerpt":{"rendered":"<p>Die Kashiyama Produkte haben sich das Vertrauen der Kunden in denjenigen Industriezweigen erworben, in denen f&#8230;<\/p>\n","protected":false},"author":1,"featured_media":0,"parent":0,"menu_order":340,"comment_status":"closed","ping_status":"closed","template":"page-global.php","meta":{"footnotes":""},"class_list":["post-420","page","type-page","status-publish","hentry","post"],"_links":{"self":[{"href":"https:\/\/www.kashiyama.com\/en\/wp-json\/wp\/v2\/pages\/420","targetHints":{"allow":["GET"]}}],"collection":[{"href":"https:\/\/www.kashiyama.com\/en\/wp-json\/wp\/v2\/pages"}],"about":[{"href":"https:\/\/www.kashiyama.com\/en\/wp-json\/wp\/v2\/types\/page"}],"author":[{"embeddable":true,"href":"https:\/\/www.kashiyama.com\/en\/wp-json\/wp\/v2\/users\/1"}],"replies":[{"embeddable":true,"href":"https:\/\/www.kashiyama.com\/en\/wp-json\/wp\/v2\/comments?post=420"}],"version-history":[{"count":1,"href":"https:\/\/www.kashiyama.com\/en\/wp-json\/wp\/v2\/pages\/420\/revisions"}],"predecessor-version":[{"id":60504,"href":"https:\/\/www.kashiyama.com\/en\/wp-json\/wp\/v2\/pages\/420\/revisions\/60504"}],"wp:attachment":[{"href":"https:\/\/www.kashiyama.com\/en\/wp-json\/wp\/v2\/media?parent=420"}],"curies":[{"name":"wp","href":"https:\/\/api.w.org\/{rel}","templated":true}]}}